{"id":641,"date":"2013-10-02T21:21:11","date_gmt":"2013-10-02T18:21:11","guid":{"rendered":"http:\/\/wordpressemlaktemasi.com\/v2\/?page_id=2"},"modified":"2022-06-27T10:59:44","modified_gmt":"2022-06-27T07:59:44","slug":"kurumsal","status":"publish","type":"page","link":"https:\/\/www.armansah.com\/index.php\/kurumsal\/","title":{"rendered":"Kurumsal"},"content":{"rendered":"<p><b>1994 YILINDA KURULAN ARMAN \u015eAH HOMES, KURUMSAL B\u0130R GAYR\u0130MENKUL \u015e\u0130RKET\u0130D\u0130R.<\/b><\/p>\n<p><b>\u00a0ARMAN \u015eAH HOMES GAYR\u0130MENKUL DANI\u015eMANLI\u011eI NETWORTH S\u0130STEM\u0130 \u0130LE \u00c7ALI\u015eMAKTADIR..ARMAN \u015eAH HOMES HUKUK DANI\u015eMANLI\u011eI ALTINDA GAYR\u0130MENKUL ACENTELER\u0130N\u0130N FAAL\u0130YETLER\u0130N\u0130 GAYRIMENKULLER\u0130N\u0130 T\u0130CAR\u0130 FAAL\u0130YETLER\u0130N\u0130 ALI\u015eVER\u0130\u015eLER\u0130N\u0130 \u00dcCRET VEYA S\u00d6ZLE\u015eME TEMEL\u0130NE DAYALI OLARAK SATIN ALINMASI VE K\u0130RALANMASINDA ARACILIK YAPAR.ARMAN \u015eAH HOMES G\u00dcVENCES\u0130 ALTINDADIR.<\/b><\/p>\n<p><b>\u00a0ARMAN \u015eAH HOMES\u00a0 KURUMSAL F\u0130RMAMIZIN \u00c7ALI\u015eMALARI VE H\u0130ZMETLER\u0130 B\u00dcNYES\u0130NDE G\u00dcVEN\u0130L\u0130R PROFESYONEL \u00c7ALI\u015eMA EK\u0130B\u0130YLE*HUKUK DANI\u015eMANLI\u011eI*\u0130\u00c7M\u0130MARLIK*M\u0130MARLIK *M\u00dcTEAHH\u0130TL\u0130K*\u0130N\u015eAAT KENTSEL D\u00d6N\u00dc\u015e\u00dcM*KAT KAR\u015eILI\u011eI*TARIM ARAZ\u0130LER\u0130*EMLAK SATI\u015e*EMLAK K\u0130RALAMA*EXPERT\u0130Z VE F\u0130Z\u0130B\u0130L\u0130TE RAPORU*TAD\u0130LAT*D\u0130ZAYN *PROJE Y\u00d6NET\u0130M\u0130 *S\u0130TE Y\u00d6NET\u0130C\u0130L\u0130\u011e\u0130*TAPU TAK\u0130P*DASK S\u0130GORTASI*ELEKTR\u0130K SU ABONEL\u0130\u011e\u0130 TAK\u0130B\u0130*VATANDA\u015eLIK OTURUM \u0130ZN\u0130*YABANCI D\u0130LDE REHBER H\u0130ZMETLER VERMEKTED\u0130R.\u00a0<\/b><\/p>\n<p><b>GAYR\u0130MENKULLER\u0130N\u0130Z DE\u011eER\u0130NDE ALINIR SATILIR.UYGUN MANTIKLI TAKASLARDA DE\u011eERLEND\u0130R\u0130L\u0130R\u2026.<\/b><\/p>\n<p>&nbsp;<\/p>\n<h1><b>V\u0130ZYON:<\/b><\/h1>\n<p><b>HER A\u0130LEN\u0130N B\u00dcT\u00c7ES\u0130NE G\u00d6RE HAYAL\u0130N\u0130 GER\u00c7EKLE\u015eT\u0130RMEK.<\/b><\/p>\n<p>&nbsp;<\/p>\n<h1><b>M\u0130SYON:<\/b><\/h1>\n<p><b>EMLAK SEKT\u00d6R\u00dcNDE KAL\u0130TEL\u0130 D\u00dcR\u00dcST G\u00dcVEN \u0130LE H\u0130ZMET SUNMAK .<\/b><\/p>\n","protected":false},"excerpt":{"rendered":"<p>1994 YILINDA KURULAN ARMAN \u015eAH HOMES, KURUMSAL B\u0130R GAYR\u0130MENKUL \u015e\u0130RKET\u0130D\u0130R. \u00a0ARMAN \u015eAH HOMES GAYR\u0130MENKUL DANI\u015eMANLI\u011eI NETWORTH S\u0130STEM\u0130 \u0130LE \u00c7ALI\u015eMAKTADIR..ARMAN \u015eAH HOMES HUKUK DANI\u015eMANLI\u011eI ALTINDA GAYR\u0130MENKUL ACENTELER\u0130N\u0130N FAAL\u0130YETLER\u0130N\u0130 GAYRIMENKULLER\u0130N\u0130 T\u0130CAR\u0130 FAAL\u0130YETLER\u0130N\u0130 ALI\u015eVER\u0130\u015eLER\u0130N\u0130 \u00dcCRET VEYA S\u00d6ZLE\u015eME TEMEL\u0130NE DAYALI OLARAK SATIN ALINMASI VE K\u0130RALANMASINDA ARACILIK YAPAR.ARMAN \u015eAH HOMES G\u00dcVENCES\u0130 ALTINDADIR. \u00a0ARMAN \u015eAH HOMES\u00a0 KURUMSAL F\u0130RMAMIZIN \u00c7ALI\u015eMALARI VE H\u0130ZMETLER\u0130 [&hellip;]<\/p>\n","protected":false},"author":1,"featured_media":0,"parent":0,"menu_order":0,"comment_status":"open","ping_status":"closed","template":"","meta":{"footnotes":""},"class_list":["post-641","page","type-page","status-publish","hentry"],"_links":{"self":[{"href":"https:\/\/www.armansah.com\/index.php\/wp-json\/wp\/v2\/pages\/641","targetHints":{"allow":["GET"]}}],"collection":[{"href":"https:\/\/www.armansah.com\/index.php\/wp-json\/wp\/v2\/pages"}],"about":[{"href":"https:\/\/www.armansah.com\/index.php\/wp-json\/wp\/v2\/types\/page"}],"author":[{"embeddable":true,"href":"https:\/\/www.armansah.com\/index.php\/wp-json\/wp\/v2\/users\/1"}],"replies":[{"embeddable":true,"href":"https:\/\/www.armansah.com\/index.php\/wp-json\/wp\/v2\/comments?post=641"}],"version-history":[{"count":2,"href":"https:\/\/www.armansah.com\/index.php\/wp-json\/wp\/v2\/pages\/641\/revisions"}],"predecessor-version":[{"id":1539,"href":"https:\/\/www.armansah.com\/index.php\/wp-json\/wp\/v2\/pages\/641\/revisions\/1539"}],"wp:attachment":[{"href":"https:\/\/www.armansah.com\/index.php\/wp-json\/wp\/v2\/media?parent=641"}],"curies":[{"name":"wp","href":"https:\/\/api.w.org\/{rel}","templated":true}]}}